{"id":329,"date":"2023-01-12T11:13:27","date_gmt":"2023-01-12T10:13:27","guid":{"rendered":"https:\/\/www.we-bati.fr\/?page_id=329"},"modified":"2025-09-11T17:53:07","modified_gmt":"2025-09-11T15:53:07","slug":"essai","status":"publish","type":"page","link":"https:\/\/www.we-bati.fr\/index.php\/essai\/","title":{"rendered":"REALISATIONS"},"content":{"rendered":"\n    \n    <section class=\"u-clearfix u-section-2\" id=\"sec-e5f4\">\n      <div class=\"u-clearfix u-sheet u-sheet-1\">\n        <div class=\"u-blog u-expanded-width u-layout-horizontal u-blog-1\" data-blog-source-type=\"Recent\" data-site-sorting-prop=\"created\" data-site-sorting-order=\"desc\">\n          <div class=\"u-list-control\"><\/div>\n          <div class=\"u-repeater u-repeater-1\">\n            <div data-href=\"https:\/\/www.we-bati.fr\/index.php\/2025\/09\/15\/ireste-nantes\/\" class=\"u-blog-control u-blog-post u-container-style u-image u-repeater-item u-shading u-image-1\" data-image-width=\"2000\" data-image-height=\"1333\" style=\"background-image: linear-gradient(0deg, rgba(0, 0, 0, 0.15), rgba(0, 0, 0, 0.15)), url(http:\/\/www.we-bati.fr\/wp-content\/uploads\/2025\/09\/IMG_5103-scaled.jpg);\">\n              <div class=\"u-container-layout u-similar-container u-container-layout-1\">\n                <h3 class=\"u-blog-control u-text u-text-1\">\n                  <a class=\"u-post-header-link\" href=\"https:\/\/www.we-bati.fr\/index.php\/2025\/09\/15\/ireste-nantes\/\">IRESTE - NANTES<\/a>\n                <\/h3>\n                <div class=\"u-blog-control u-metadata u-metadata-1\"><span class=\"u-meta-date u-meta-icon\">2025<\/span><span class=\"u-meta-category u-meta-icon\"><a class=\"u-textlink\" href=\"https:\/\/www.we-bati.fr\/index.php\/category\/opc\/\" rel=\"category tag\">OPC<\/a><\/span>\n                <\/div>\n                <div class=\"u-blog-control u-post-content u-text u-text-2\"><p>LOCALISATION : NANTES - Batiment IRESTE\u00a0 POLYTECH\u00a0MAITRE D\u2019OUVRAGE : UNIVERSITE DE NANTES\u00a0NATURE DU PROJET :\u00a0 R\u00c9AM\u00c9NAGEMENT DE LA CAF\u00c9T\u00c9RIA DU &hellip;<\/p>\n                <\/div>\n                <a href=\"https:\/\/www.we-bati.fr\/index.php\/2025\/09\/15\/ireste-nantes\/\" class=\"u-blog-control u-border-none u-btn u-button-style u-custom-font u-font-raleway u-none u-btn-1\">en savoir plus...<\/a>\n              <\/div>\n            <\/div>\n            <div data-href=\"https:\/\/www.we-bati.fr\/index.php\/2025\/09\/15\/codilab-terres-de-montaigu\/\" class=\"u-blog-control u-blog-post u-container-style u-image u-repeater-item u-shading u-image-2\" data-image-width=\"2000\" data-image-height=\"1333\" style=\"background-image: linear-gradient(0deg, rgba(0, 0, 0, 0.15), rgba(0, 0, 0, 0.15)), url(http:\/\/www.we-bati.fr\/wp-content\/uploads\/2025\/08\/IMG_4580-1-scaled.jpg);\">\n              <div class=\"u-container-layout u-similar-container u-container-layout-2\">\n                <h3 class=\"u-blog-control u-text u-text-3\">\n                  <a class=\"u-post-header-link\" href=\"https:\/\/www.we-bati.fr\/index.php\/2025\/09\/15\/codilab-terres-de-montaigu\/\">CODILAB - 85600 ST HILAIRE DE LOULAY<\/a>\n                <\/h3>\n                <div class=\"u-blog-control u-metadata u-metadata-2\"><span class=\"u-meta-date u-meta-icon\">2025<\/span><span class=\"u-meta-category u-meta-icon\"><a class=\"u-textlink\" href=\"https:\/\/www.we-bati.fr\/index.php\/category\/moex\/\" rel=\"category tag\">MOEx<\/a>, <a class=\"u-textlink\" href=\"https:\/\/www.we-bati.fr\/index.php\/category\/opc\/\" rel=\"category tag\">OPC<\/a><\/span>\n                <\/div>\n                <div class=\"u-blog-control u-post-content u-text u-text-4\"><p>MAITRE D\u2019OUVRAGE\u00a0: CODILAB\n\nNATURE DU PROJET\u00a0: Nouveau site de production et de conditionnement\n\nMISSION\u00a0: OPC et MOEX (lots techniques et salles &hellip;<\/p>\n                <\/div>\n                <a href=\"https:\/\/www.we-bati.fr\/index.php\/2025\/09\/15\/codilab-terres-de-montaigu\/\" class=\"u-blog-control u-btn u-button-style u-custom-font u-font-raleway u-none u-btn-2\" title=\"+\">en savoir plus...<\/a>\n              <\/div>\n            <\/div>\n            <div data-href=\"https:\/\/www.we-bati.fr\/index.php\/2025\/05\/12\/arquus-44600-saint-nazaire\/\" class=\"u-blog-control u-blog-post u-container-style u-image u-repeater-item u-shading u-image-3\" data-image-width=\"2000\" data-image-height=\"1333\" style=\"background-image: linear-gradient(0deg, rgba(0, 0, 0, 0.15), rgba(0, 0, 0, 0.15)), url(http:\/\/www.we-bati.fr\/wp-content\/uploads\/2025\/05\/IMG_3830-1024x768.jpg);\">\n              <div class=\"u-container-layout u-similar-container u-container-layout-3\">\n                <h3 class=\"u-blog-control u-text u-text-5\">\n                  <a class=\"u-post-header-link\" href=\"https:\/\/www.we-bati.fr\/index.php\/2025\/05\/12\/arquus-44600-saint-nazaire\/\">ARQUUS - 44600 Saint Nazaire<\/a>\n                <\/h3>\n                <div class=\"u-blog-control u-metadata u-metadata-3\"><span class=\"u-meta-date u-meta-icon\">2025<\/span><span class=\"u-meta-category u-meta-icon\"><a class=\"u-textlink\" href=\"https:\/\/www.we-bati.fr\/index.php\/category\/moe\/\" rel=\"category tag\">Maitrise d'\u0152uvre<\/a><\/span>\n                <\/div>\n                <div class=\"u-blog-control u-post-content u-text u-text-6\"><p>MAITRE D\u2019OUVRAGE\u00a0: ARQUUS\n\nNATURE DU PROJET\u00a0: Cr\u00e9ation d'un r\u00e9fectoire et d'espaces de travail\n\nMISSION\u00a0: Maitrise d'oeuvre compl\u00e8te\n\nEQUIPE DE &hellip;<\/p>\n                <\/div>\n                <a href=\"https:\/\/www.we-bati.fr\/index.php\/2025\/05\/12\/arquus-44600-saint-nazaire\/\" class=\"u-blog-control u-btn u-button-style u-custom-font u-font-raleway u-none u-btn-3\">en savoir plus...<\/a>\n              <\/div>\n            <\/div>\n            <div data-href=\"https:\/\/www.we-bati.fr\/index.php\/2023\/06\/12\/residence-les-ajoncs-44160-sainte-reine-de-bretagne\/\" class=\"u-blog-control u-blog-post u-container-style u-image u-image-contain u-repeater-item u-shading u-image-4\" data-image-width=\"2000\" data-image-height=\"1333\" style=\"background-image: linear-gradient(0deg, rgba(0, 0, 0, 0.15), rgba(0, 0, 0, 0.15)), url(http:\/\/www.we-bati.fr\/wp-content\/uploads\/2023\/06\/IMG_4979-scaled.jpg);\">\n              <div class=\"u-container-layout u-similar-container u-container-layout-4\">\n                <h3 class=\"u-blog-control u-text u-text-7\">\n                  <a class=\"u-post-header-link\" href=\"https:\/\/www.we-bati.fr\/index.php\/2023\/06\/12\/residence-les-ajoncs-44160-sainte-reine-de-bretagne\/\">R\u00e9sidence LES AJONCS \u2013 44160 SAINTE REINE DE BRETAGNE<\/a>\n                <\/h3>\n                <div class=\"u-blog-control u-metadata u-metadata-4\"><span class=\"u-meta-date u-meta-icon\">2023<\/span><span class=\"u-meta-category u-meta-icon\"><a class=\"u-textlink\" href=\"https:\/\/www.we-bati.fr\/index.php\/category\/moex\/\" rel=\"category tag\">MOEx<\/a>, <a class=\"u-textlink\" href=\"https:\/\/www.we-bati.fr\/index.php\/category\/opc\/\" rel=\"category tag\">OPC<\/a><\/span>\n                <\/div>\n                <div class=\"u-blog-control u-post-content u-text u-text-8\"><p>MAITRE D\u2019OUVRAGE\u00a0: EHPAD Les Ajoncs\n\nNATURE DU PROJET\u00a0: Restructuration et Extension de la r\u00e9sidence\n\nMISSION\u00a0: MOEx et OPC\n\nEQUIPE DE MAITRISE &hellip;<\/p>\n                <\/div>\n                <a href=\"https:\/\/www.we-bati.fr\/index.php\/2023\/06\/12\/residence-les-ajoncs-44160-sainte-reine-de-bretagne\/\" class=\"u-blog-control u-btn u-button-style u-custom-font u-font-raleway u-none u-btn-4\">en savoir plus...<\/a>\n              <\/div>\n            <\/div>\n            <div data-href=\"https:\/\/www.we-bati.fr\/index.php\/2023\/04\/21\/residence-limmaculee-saint-cyr-en-retz\/\" class=\"u-blog-control u-blog-post u-container-style u-image u-repeater-item u-shading u-image-1\" data-image-width=\"2000\" data-image-height=\"1333\" style=\"background-image: linear-gradient(0deg, rgba(0, 0, 0, 0.15), rgba(0, 0, 0, 0.15)), url(http:\/\/www.we-bati.fr\/wp-content\/uploads\/2023\/04\/IMG_20230419_135800-scaled.jpg);\">\n              <div class=\"u-container-layout u-similar-container u-container-layout-1\">\n                <h3 class=\"u-blog-control u-text u-text-1\">\n                  <a class=\"u-post-header-link\" href=\"https:\/\/www.we-bati.fr\/index.php\/2023\/04\/21\/residence-limmaculee-saint-cyr-en-retz\/\">R\u00e9sidence L'immacul\u00e9e - Saint-Cyr-en-Retz - 44580 Villeneuve en Retz<\/a>\n                <\/h3>\n                <div class=\"u-blog-control u-metadata u-metadata-1\"><span class=\"u-meta-date u-meta-icon\">2023<\/span><span class=\"u-meta-category u-meta-icon\"><a class=\"u-textlink\" href=\"https:\/\/www.we-bati.fr\/index.php\/category\/moex\/\" rel=\"category tag\">MOEx<\/a><\/span>\n                <\/div>\n                <div class=\"u-blog-control u-post-content u-text u-text-2\"><p>MAITRE D\u2019OUVRAGE : R\u00e9sidence l'immacul\u00e9e\n\nNATURE DU PROJET : Extension et restructuration de la r\u00e9sidence L\u2019IMMACULEE\n\nMISSION : MOEX et OPC\n\nEQUIPE&hellip;<\/p>\n                <\/div>\n                <a href=\"https:\/\/www.we-bati.fr\/index.php\/2023\/04\/21\/residence-limmaculee-saint-cyr-en-retz\/\" class=\"u-blog-control u-border-none u-btn u-button-style u-custom-font u-font-raleway u-none u-btn-1\">en savoir plus...<\/a>\n              <\/div>\n            <\/div>\n            <div data-href=\"https:\/\/www.we-bati.fr\/index.php\/2023\/01\/09\/kapsens-_-vertou-44\/\" class=\"u-blog-control u-blog-post u-container-style u-image u-repeater-item u-shading u-image-2\" data-image-width=\"2000\" data-image-height=\"1333\" style=\"background-image: linear-gradient(0deg, rgba(0, 0, 0, 0.15), rgba(0, 0, 0, 0.15)), url(http:\/\/www.we-bati.fr\/wp-content\/uploads\/2023\/01\/pers-KAPSENS1-scaled.jpg);\">\n              <div class=\"u-container-layout u-similar-container u-container-layout-2\">\n                <h3 class=\"u-blog-control u-text u-text-3\">\n                  <a class=\"u-post-header-link\" href=\"https:\/\/www.we-bati.fr\/index.php\/2023\/01\/09\/kapsens-_-vertou-44\/\">KAPSENS _ VERTOU (44)<\/a>\n                <\/h3>\n                <div class=\"u-blog-control u-metadata u-metadata-2\"><span class=\"u-meta-date u-meta-icon\">2023<\/span><span class=\"u-meta-category u-meta-icon\"><a class=\"u-textlink\" href=\"https:\/\/www.we-bati.fr\/index.php\/category\/moe\/\" rel=\"category tag\">Maitrise d'\u0152uvre<\/a><\/span>\n                <\/div>\n                <div class=\"u-blog-control u-post-content u-text u-text-4\">Mission de maitrise d'oeuvre\n                <\/div>\n                <a href=\"https:\/\/www.we-bati.fr\/index.php\/2023\/01\/09\/kapsens-_-vertou-44\/\" class=\"u-blog-control u-btn u-button-style u-custom-font u-font-raleway u-none u-btn-2\" title=\"+\">en savoir plus...<\/a>\n              <\/div>\n            <\/div>\n            <div data-href=\"https:\/\/www.we-bati.fr\/index.php\/2023\/01\/09\/clean-cells-extension\/\" class=\"u-blog-control u-blog-post u-container-style u-image u-repeater-item u-shading u-image-3\" data-image-width=\"2000\" data-image-height=\"1333\" style=\"background-image: linear-gradient(0deg, rgba(0, 0, 0, 0.15), rgba(0, 0, 0, 0.15)), url(http:\/\/www.we-bati.fr\/wp-content\/uploads\/2023\/01\/reseau-CLE-scaled.jpg);\">\n              <div class=\"u-container-layout u-similar-container u-container-layout-3\">\n                <h3 class=\"u-blog-control u-text u-text-5\">\n                  <a class=\"u-post-header-link\" href=\"https:\/\/www.we-bati.fr\/index.php\/2023\/01\/09\/clean-cells-extension\/\">CLEAN CELLS - MONTAIGU (85)<\/a>\n                <\/h3>\n                <div class=\"u-blog-control u-metadata u-metadata-3\"><span class=\"u-meta-date u-meta-icon\">2023<\/span><span class=\"u-meta-category u-meta-icon\"><a class=\"u-textlink\" href=\"https:\/\/www.we-bati.fr\/index.php\/category\/moex\/\" rel=\"category tag\">MOEx<\/a><\/span>\n                <\/div>\n                <div class=\"u-blog-control u-post-content u-text u-text-6\">Mission de maitrise d'\u0153uvre d'ex\u00e9cution \n                <\/div>\n                <a href=\"https:\/\/www.we-bati.fr\/index.php\/2023\/01\/09\/clean-cells-extension\/\" class=\"u-blog-control u-btn u-button-style u-custom-font u-font-raleway u-none u-btn-3\">en savoir plus...<\/a>\n              <\/div>\n            <\/div>\n            <div data-href=\"https:\/\/www.we-bati.fr\/index.php\/2022\/03\/30\/vilogia-residence-fontenelle-vertou-44\/\" class=\"u-blog-control u-blog-post u-container-style u-image u-image-contain u-repeater-item u-shading u-image-4\" data-image-width=\"2000\" data-image-height=\"1333\" style=\"background-image: linear-gradient(0deg, rgba(0, 0, 0, 0.15), rgba(0, 0, 0, 0.15)), url(http:\/\/www.we-bati.fr\/wp-content\/uploads\/2023\/04\/IMG_20230316_150659-scaled.jpg);\">\n              <div class=\"u-container-layout u-similar-container u-container-layout-4\">\n                <h3 class=\"u-blog-control u-text u-text-7\">\n                  <a class=\"u-post-header-link\" href=\"https:\/\/www.we-bati.fr\/index.php\/2022\/03\/30\/vilogia-residence-fontenelle-vertou-44\/\">VILOGIA - VERTOU (44)<\/a>\n                <\/h3>\n                <div class=\"u-blog-control u-metadata u-metadata-4\"><span class=\"u-meta-date u-meta-icon\">2022<\/span><span class=\"u-meta-category u-meta-icon\"><a class=\"u-textlink\" href=\"https:\/\/www.we-bati.fr\/index.php\/category\/moe\/\" rel=\"category tag\">Maitrise d'\u0152uvre<\/a><\/span>\n                <\/div>\n                <div class=\"u-blog-control u-post-content u-text u-text-8\">Mission de maitrise d'\u0153uvre compl\u00e8te \n                <\/div>\n                <a href=\"https:\/\/www.we-bati.fr\/index.php\/2022\/03\/30\/vilogia-residence-fontenelle-vertou-44\/\" class=\"u-blog-control u-btn u-button-style u-custom-font u-font-raleway u-none u-btn-4\">en savoir plus...<\/a>\n              <\/div>\n            <\/div>\n            <div data-href=\"https:\/\/www.we-bati.fr\/index.php\/2022\/01\/17\/maison-de-lavocat-nantes\/\" class=\"u-blog-control u-blog-post u-container-style u-image u-repeater-item u-shading u-image-1\" data-image-width=\"2000\" data-image-height=\"1333\" style=\"background-image: linear-gradient(0deg, rgba(0, 0, 0, 0.15), rgba(0, 0, 0, 0.15)), url(http:\/\/www.we-bati.fr\/wp-content\/uploads\/2022\/07\/IMG_20220705_112422-scaled.jpg);\">\n              <div class=\"u-container-layout u-similar-container u-container-layout-1\">\n                <h3 class=\"u-blog-control u-text u-text-1\">\n                  <a class=\"u-post-header-link\" href=\"https:\/\/www.we-bati.fr\/index.php\/2022\/01\/17\/maison-de-lavocat-nantes\/\">MAISON DE L'AVOCAT- NANTES (44)<\/a>\n                <\/h3>\n                <div class=\"u-blog-control u-metadata u-metadata-1\"><span class=\"u-meta-date u-meta-icon\">2022<\/span><span class=\"u-meta-category u-meta-icon\"><a class=\"u-textlink\" href=\"https:\/\/www.we-bati.fr\/index.php\/category\/opc\/\" rel=\"category tag\">OPC<\/a><\/span>\n                <\/div>\n                <div class=\"u-blog-control u-post-content u-text u-text-2\">Mission d'OPC \n                <\/div>\n                <a href=\"https:\/\/www.we-bati.fr\/index.php\/2022\/01\/17\/maison-de-lavocat-nantes\/\" class=\"u-blog-control u-border-none u-btn u-button-style u-custom-font u-font-raleway u-none u-btn-1\">en savoir plus...<\/a>\n              <\/div>\n            <\/div>\n            <div data-href=\"https:\/\/www.we-bati.fr\/index.php\/2021\/03\/30\/college-lamoriciere-st-philbert-de-grand-lieu-44\/\" class=\"u-blog-control u-blog-post u-container-style u-image u-repeater-item u-shading u-image-2\" data-image-width=\"2000\" data-image-height=\"1333\" style=\"background-image: linear-gradient(0deg, rgba(0, 0, 0, 0.15), rgba(0, 0, 0, 0.15)), url(http:\/\/www.we-bati.fr\/wp-content\/uploads\/2022\/11\/IMG_20220830_150209-1024x766.jpg);\">\n              <div class=\"u-container-layout u-similar-container u-container-layout-2\">\n                <h3 class=\"u-blog-control u-text u-text-3\">\n                  <a class=\"u-post-header-link\" href=\"https:\/\/www.we-bati.fr\/index.php\/2021\/03\/30\/college-lamoriciere-st-philbert-de-grand-lieu-44\/\">COLLEGE LAMORICIERE - St Philbert de Grand lieu (44)<\/a>\n                <\/h3>\n                <div class=\"u-blog-control u-metadata u-metadata-2\"><span class=\"u-meta-date u-meta-icon\">2021<\/span><span class=\"u-meta-category u-meta-icon\"><a class=\"u-textlink\" href=\"https:\/\/www.we-bati.fr\/index.php\/category\/opc\/\" rel=\"category tag\">OPC<\/a><\/span>\n                <\/div>\n                <div class=\"u-blog-control u-post-content u-text u-text-4\">Mission OPC\n                <\/div>\n                <a href=\"https:\/\/www.we-bati.fr\/index.php\/2021\/03\/30\/college-lamoriciere-st-philbert-de-grand-lieu-44\/\" class=\"u-blog-control u-btn u-button-style u-custom-font u-font-raleway u-none u-btn-2\" title=\"+\">en savoir plus...<\/a>\n              <\/div>\n            <\/div>\n          <\/div>\n          <a class=\"u-absolute-vcenter-lg u-absolute-vcenter-md u-absolute-vcenter-sm u-absolute-vcenter-xl u-gallery-nav u-gallery-nav-prev u-icon-circle u-opacity u-opacity-70 u-text-white u-gallery-nav-1\" href=\"#\" role=\"button\"><span aria-hidden=\"true\">\n              <svg viewBox=\"0 0 451.847 451.847\"><path d=\"M97.141,225.92c0-8.095,3.091-16.192,9.259-22.366L300.689,9.27c12.359-12.359,32.397-12.359,44.751,0\nc12.354,12.354,12.354,32.388,0,44.748L173.525,225.92l171.903,171.909c12.354,12.354,12.354,32.391,0,44.744\nc-12.354,12.365-32.386,12.365-44.745,0l-194.29-194.281C100.226,242.115,97.141,234.018,97.141,225.92z\"><\/path><\/svg><\/span><span class=\"sr-only\">\n              <svg viewBox=\"0 0 451.847 451.847\"><path d=\"M97.141,225.92c0-8.095,3.091-16.192,9.259-22.366L300.689,9.27c12.359-12.359,32.397-12.359,44.751,0\nc12.354,12.354,12.354,32.388,0,44.748L173.525,225.92l171.903,171.909c12.354,12.354,12.354,32.391,0,44.744\nc-12.354,12.365-32.386,12.365-44.745,0l-194.29-194.281C100.226,242.115,97.141,234.018,97.141,225.92z\"><\/path><\/svg><\/span>\n          <\/a>\n          <a class=\"u-absolute-vcenter u-gallery-nav u-gallery-nav-next u-icon-circle u-opacity u-opacity-70 u-text-white u-gallery-nav-2\" href=\"#\" role=\"button\"><span aria-hidden=\"true\">\n              <svg viewBox=\"0 0 451.846 451.847\"><path d=\"M345.441,248.292L151.154,442.573c-12.359,12.365-32.397,12.365-44.75,0c-12.354-12.354-12.354-32.391,0-44.744\nL278.318,225.92L106.409,54.017c-12.354-12.359-12.354-32.394,0-44.748c12.354-12.359,32.391-12.359,44.75,0l194.287,194.284\nc6.177,6.18,9.262,14.271,9.262,22.366C354.708,234.018,351.617,242.115,345.441,248.292z\"><\/path><\/svg><\/span><span class=\"sr-only\">\n              <svg viewBox=\"0 0 451.846 451.847\"><path d=\"M345.441,248.292L151.154,442.573c-12.359,12.365-32.397,12.365-44.75,0c-12.354-12.354-12.354-32.391,0-44.744\nL278.318,225.92L106.409,54.017c-12.354-12.359-12.354-32.394,0-44.748c12.354-12.359,32.391-12.359,44.75,0l194.287,194.284\nc6.177,6.18,9.262,14.271,9.262,22.366C354.708,234.018,351.617,242.115,345.441,248.292z\"><\/path><\/svg><\/span>\n          <\/a>\n          <div class=\"u-list-control\"><\/div>\n        <\/div>\n      <\/div>\n    <\/section>\n    <section class=\"u-clearfix u-section-3\" id=\"block-1\">\n      <div class=\"u-clearfix u-sheet u-sheet-1\"><\/div>\n    <\/section>\n    \n    \n    \n  \n","protected":false},"excerpt":{"rendered":"<p>IRESTE &#8211; NANTES 2025OPC LOCALISATION : NANTES &#8211; Batiment IRESTE\u00a0 POLYTECH\u00a0MAITRE D\u2019OUVRAGE : UNIVERSITE DE NANTES\u00a0NATURE DU PROJET :\u00a0 R\u00c9AM\u00c9NAGEMENT DE LA CAF\u00c9T\u00c9RIA DU &hellip; en savoir plus&#8230; CODILAB &#8211; 85600 ST HILAIRE DE LOULAY 2025MOEx, OPC MAITRE D\u2019OUVRAGE\u00a0: CODILAB NATURE DU PROJET\u00a0: Nouveau site de production et de conditionnement MISSION\u00a0: OPC et MOEX (lots &hellip; <a href=\"https:\/\/www.we-bati.fr\/index.php\/essai\/\" class=\"more-link\">Continue reading<span class=\"screen-reader-text\"> \u00ab\u00a0REALISATIONS\u00a0\u00bb<\/span><\/a><\/p>\n","protected":false},"author":1,"featured_media":0,"parent":0,"menu_order":0,"comment_status":"closed","ping_status":"closed","template":"","meta":{"footnotes":""},"class_list":["post-329","page","type-page","status-publish","hentry"],"_links":{"self":[{"href":"https:\/\/www.we-bati.fr\/index.php\/wp-json\/wp\/v2\/pages\/329","targetHints":{"allow":["GET"]}}],"collection":[{"href":"https:\/\/www.we-bati.fr\/index.php\/wp-json\/wp\/v2\/pages"}],"about":[{"href":"https:\/\/www.we-bati.fr\/index.php\/wp-json\/wp\/v2\/types\/page"}],"author":[{"embeddable":true,"href":"https:\/\/www.we-bati.fr\/index.php\/wp-json\/wp\/v2\/users\/1"}],"replies":[{"embeddable":true,"href":"https:\/\/www.we-bati.fr\/index.php\/wp-json\/wp\/v2\/comments?post=329"}],"version-history":[{"count":13,"href":"https:\/\/www.we-bati.fr\/index.php\/wp-json\/wp\/v2\/pages\/329\/revisions"}],"predecessor-version":[{"id":530,"href":"https:\/\/www.we-bati.fr\/index.php\/wp-json\/wp\/v2\/pages\/329\/revisions\/530"}],"wp:attachment":[{"href":"https:\/\/www.we-bati.fr\/index.php\/wp-json\/wp\/v2\/media?parent=329"}],"curies":[{"name":"wp","href":"https:\/\/api.w.org\/{rel}","templated":true}]}}